{"id":1793,"date":"2023-04-19T15:48:15","date_gmt":"2023-04-19T13:48:15","guid":{"rendered":"https:\/\/guidemonterosa.info\/assicurazione\/"},"modified":"2023-06-16T14:47:11","modified_gmt":"2023-06-16T12:47:11","slug":"assicurazione","status":"publish","type":"page","link":"https:\/\/guidemonterosa.info\/en\/assicurazione\/","title":{"rendered":"Insurance"},"content":{"rendered":"\t\t<div data-elementor-type=\"wp-page\" data-elementor-id=\"1793\" class=\"elementor elementor-1793 elementor-66\" data-elementor-post-type=\"page\">\n\t\t\t\t\t\t<section class=\"elementor-section elementor-top-section elementor-element elementor-element-74cb9f8 elementor-section-boxed elementor-section-height-default elementor-section-height-default\" data-id=\"74cb9f8\" data-element_type=\"section\" data-e-type=\"section\">\n\t\t\t\t\t\t<div class=\"elementor-container elementor-column-gap-default\">\n\t\t\t\t\t<div class=\"elementor-column elementor-col-100 elementor-top-column elementor-element elementor-element-ccfa72d\" data-id=\"ccfa72d\" data-element_type=\"column\" data-e-type=\"column\">\n\t\t\t<div class=\"elementor-widget-wrap elementor-element-populated\">\n\t\t\t\t\t\t<div class=\"elementor-element elementor-element-74ac07d elementor-widget elementor-widget-text-editor\" data-id=\"74ac07d\" data-element_type=\"widget\" data-e-type=\"widget\" data-widget_type=\"text-editor.default\">\n\t\t\t\t<div class=\"elementor-widget-container\">\n\t\t\t\t\t\t\t\t\t<p>Il soccorso in Italia non viene addebitato in caso di recupero in montagna mentre lo \u00e8 per i soccorsi in pista. Ti suggeriamo di sottoscrivere un\u2019assicurazione personale che copra le spese mediche e di soccorso. Noi ci affidiamo a:<\/p><ul><li>ARCA assicurazioni per le salite alpinistiche<\/li><li>SNOWCARE per le vacanze sugli sci<\/li><\/ul><p>E\u2019 tua responsabilit\u00e0 scegliere il livello di assicurazione pi\u00f9 indicato per te e verificare la copertura che ti viene proposta. Non accettiamo responsabilit\u00e0 per i costi sostenuti che non sono coperti dalla tua assicurazione.<\/p>\t\t\t\t\t\t\t\t<\/div>\n\t\t\t\t<\/div>\n\t\t\t\t<div class=\"elementor-element elementor-element-4649a82 elementor-widget elementor-widget-heading\" data-id=\"4649a82\" data-element_type=\"widget\" data-e-type=\"widget\" data-widget_type=\"heading.default\">\n\t\t\t\t<div class=\"elementor-widget-container\">\n\t\t\t\t\t<h2 class=\"elementor-heading-title elementor-size-default\">Assicurazione di annullamento<\/h2>\t\t\t\t<\/div>\n\t\t\t\t<\/div>\n\t\t\t\t<div class=\"elementor-element elementor-element-9f4c38e elementor-widget elementor-widget-text-editor\" data-id=\"9f4c38e\" data-element_type=\"widget\" data-e-type=\"widget\" data-widget_type=\"text-editor.default\">\n\t\t\t\t<div class=\"elementor-widget-container\">\n\t\t\t\t\t\t\t\t\t<p>Pu\u00f2 capitare di dover annullare all&#8217;ultimo e le nostre condizioni di prenotazione non possono essere annullate.<br \/>Le condizioni di prenotazione coprono gli impegni che prendiamo con i nostri fornitori ogni qualvolta li impegniamo, per garantititi la vacanza che hai prenotato e siamo obbligati a rispettarli indipendentemente dalle circostanze.<\/p><p><b>Una polizza di annullamento pu\u00f2 essere una soluzione di tutela.\u00a0<\/b><\/p><p>Noi ci affidiamo per polizze di annullamento a <b>INCOMING BOOKING SICURO con Frigo Assicurazione.<br \/>I<\/b><b>l costo \u00e8 pari al 4% del totale del pacchetto acquistato.<\/b><\/p>\t\t\t\t\t\t\t\t<\/div>\n\t\t\t\t<\/div>\n\t\t\t\t\t<\/div>\n\t\t<\/div>\n\t\t\t\t\t<\/div>\n\t\t<\/section>\n\t\t\t\t<\/div>\n\t\t","protected":false},"excerpt":{"rendered":"<p>Il soccorso in Italia non viene addebitato in caso di recupero in montagna mentre lo \u00e8 per i soccorsi in pista. Ti suggeriamo di sottoscrivere un\u2019assicurazione personale che copra le spese mediche e di soccorso. Noi ci affidiamo a: ARCA assicurazioni per le salite alpinistiche SNOWCARE per le vacanze sugli sci E\u2019 tua responsabilit\u00e0 scegliere [&hellip;]<\/p>\n","protected":false},"author":1,"featured_media":0,"parent":0,"menu_order":0,"comment_status":"closed","ping_status":"closed","template":"","meta":{"_acf_changed":false,"footnotes":""},"class_list":["post-1793","page","type-page","status-publish","hentry"],"acf":[],"yoast_head":"<!-- This site is optimized with the Yoast SEO plugin v24.9 - https:\/\/yoast.com\/wordpress\/plugins\/seo\/ -->\n<title>Insurance - Guide Gressoney Monte Rosa<\/title>\n<meta name=\"robots\" content=\"index, follow, max-snippet:-1, max-image-preview:large, max-video-preview:-1\" \/>\n<link rel=\"canonical\" href=\"https:\/\/guidemonterosa.info\/en\/assicurazione\/\" \/>\n<meta property=\"og:locale\" content=\"en_US\" \/>\n<meta property=\"og:type\" content=\"article\" \/>\n<meta property=\"og:title\" content=\"Insurance - Guide Gressoney Monte Rosa\" \/>\n<meta property=\"og:description\" content=\"Il soccorso in Italia non viene addebitato in caso di recupero in montagna mentre lo \u00e8 per i soccorsi in pista. Ti suggeriamo di sottoscrivere un\u2019assicurazione personale che copra le spese mediche e di soccorso. Noi ci affidiamo a: ARCA assicurazioni per le salite alpinistiche SNOWCARE per le vacanze sugli sci E\u2019 tua responsabilit\u00e0 scegliere [&hellip;]\" \/>\n<meta property=\"og:url\" content=\"https:\/\/guidemonterosa.info\/en\/assicurazione\/\" \/>\n<meta property=\"og:site_name\" content=\"Guide Gressoney Monte Rosa\" \/>\n<meta property=\"article:publisher\" content=\"https:\/\/it-it.facebook.com\/guidealpinemonterosa\/\" \/>\n<meta property=\"article:modified_time\" content=\"2023-06-16T12:47:11+00:00\" \/>\n<meta name=\"twitter:card\" content=\"summary_large_image\" \/>\n<meta name=\"twitter:label1\" content=\"Est. reading time\" \/>\n\t<meta name=\"twitter:data1\" content=\"1 minute\" \/>\n<script type=\"application\/ld+json\" class=\"yoast-schema-graph\">{\"@context\":\"https:\/\/schema.org\",\"@graph\":[{\"@type\":\"WebPage\",\"@id\":\"https:\/\/guidemonterosa.info\/en\/assicurazione\/\",\"url\":\"https:\/\/guidemonterosa.info\/en\/assicurazione\/\",\"name\":\"Insurance - Guide Gressoney Monte Rosa\",\"isPartOf\":{\"@id\":\"https:\/\/guidemonterosa.info\/en\/#website\"},\"datePublished\":\"2023-04-19T13:48:15+00:00\",\"dateModified\":\"2023-06-16T12:47:11+00:00\",\"breadcrumb\":{\"@id\":\"https:\/\/guidemonterosa.info\/en\/assicurazione\/#breadcrumb\"},\"inLanguage\":\"en-US\",\"potentialAction\":[{\"@type\":\"ReadAction\",\"target\":[\"https:\/\/guidemonterosa.info\/en\/assicurazione\/\"]}]},{\"@type\":\"BreadcrumbList\",\"@id\":\"https:\/\/guidemonterosa.info\/en\/assicurazione\/#breadcrumb\",\"itemListElement\":[{\"@type\":\"ListItem\",\"position\":1,\"name\":\"Home\",\"item\":\"https:\/\/guidemonterosa.info\/en\/\"},{\"@type\":\"ListItem\",\"position\":2,\"name\":\"Insurance\"}]},{\"@type\":\"WebSite\",\"@id\":\"https:\/\/guidemonterosa.info\/en\/#website\",\"url\":\"https:\/\/guidemonterosa.info\/en\/\",\"name\":\"Guide Gressoney Monte Rosa\",\"description\":\"Vivi esperienze uniche insieme a guide professioniste\",\"publisher\":{\"@id\":\"https:\/\/guidemonterosa.info\/en\/#organization\"},\"potentialAction\":[{\"@type\":\"SearchAction\",\"target\":{\"@type\":\"EntryPoint\",\"urlTemplate\":\"https:\/\/guidemonterosa.info\/en\/?s={search_term_string}\"},\"query-input\":{\"@type\":\"PropertyValueSpecification\",\"valueRequired\":true,\"valueName\":\"search_term_string\"}}],\"inLanguage\":\"en-US\"},{\"@type\":\"Organization\",\"@id\":\"https:\/\/guidemonterosa.info\/en\/#organization\",\"name\":\"Guide Monte Rosa\",\"url\":\"https:\/\/guidemonterosa.info\/en\/\",\"logo\":{\"@type\":\"ImageObject\",\"inLanguage\":\"en-US\",\"@id\":\"https:\/\/guidemonterosa.info\/en\/#\/schema\/logo\/image\/\",\"url\":\"https:\/\/guidemonterosa.info\/wp-content\/uploads\/2023\/05\/cropped-Logo-Guide-Monterosa.png\",\"contentUrl\":\"https:\/\/guidemonterosa.info\/wp-content\/uploads\/2023\/05\/cropped-Logo-Guide-Monterosa.png\",\"width\":499,\"height\":598,\"caption\":\"Guide Monte Rosa\"},\"image\":{\"@id\":\"https:\/\/guidemonterosa.info\/en\/#\/schema\/logo\/image\/\"},\"sameAs\":[\"https:\/\/it-it.facebook.com\/guidealpinemonterosa\/\",\"https:\/\/www.instagram.com\/societa_guide_gressoney\/\"]}]}<\/script>\n<!-- \/ Yoast SEO plugin. -->","yoast_head_json":{"title":"Insurance - Guide Gressoney Monte Rosa","robots":{"index":"index","follow":"follow","max-snippet":"max-snippet:-1","max-image-preview":"max-image-preview:large","max-video-preview":"max-video-preview:-1"},"canonical":"https:\/\/guidemonterosa.info\/en\/assicurazione\/","og_locale":"en_US","og_type":"article","og_title":"Insurance - Guide Gressoney Monte Rosa","og_description":"Il soccorso in Italia non viene addebitato in caso di recupero in montagna mentre lo \u00e8 per i soccorsi in pista. Ti suggeriamo di sottoscrivere un\u2019assicurazione personale che copra le spese mediche e di soccorso. Noi ci affidiamo a: ARCA assicurazioni per le salite alpinistiche SNOWCARE per le vacanze sugli sci E\u2019 tua responsabilit\u00e0 scegliere [&hellip;]","og_url":"https:\/\/guidemonterosa.info\/en\/assicurazione\/","og_site_name":"Guide Gressoney Monte Rosa","article_publisher":"https:\/\/it-it.facebook.com\/guidealpinemonterosa\/","article_modified_time":"2023-06-16T12:47:11+00:00","twitter_card":"summary_large_image","twitter_misc":{"Est. reading time":"1 minute"},"schema":{"@context":"https:\/\/schema.org","@graph":[{"@type":"WebPage","@id":"https:\/\/guidemonterosa.info\/en\/assicurazione\/","url":"https:\/\/guidemonterosa.info\/en\/assicurazione\/","name":"Insurance - Guide Gressoney Monte Rosa","isPartOf":{"@id":"https:\/\/guidemonterosa.info\/en\/#website"},"datePublished":"2023-04-19T13:48:15+00:00","dateModified":"2023-06-16T12:47:11+00:00","breadcrumb":{"@id":"https:\/\/guidemonterosa.info\/en\/assicurazione\/#breadcrumb"},"inLanguage":"en-US","potentialAction":[{"@type":"ReadAction","target":["https:\/\/guidemonterosa.info\/en\/assicurazione\/"]}]},{"@type":"BreadcrumbList","@id":"https:\/\/guidemonterosa.info\/en\/assicurazione\/#breadcrumb","itemListElement":[{"@type":"ListItem","position":1,"name":"Home","item":"https:\/\/guidemonterosa.info\/en\/"},{"@type":"ListItem","position":2,"name":"Insurance"}]},{"@type":"WebSite","@id":"https:\/\/guidemonterosa.info\/en\/#website","url":"https:\/\/guidemonterosa.info\/en\/","name":"Guide Gressoney Monte Rosa","description":"Vivi esperienze uniche insieme a guide professioniste","publisher":{"@id":"https:\/\/guidemonterosa.info\/en\/#organization"},"potentialAction":[{"@type":"SearchAction","target":{"@type":"EntryPoint","urlTemplate":"https:\/\/guidemonterosa.info\/en\/?s={search_term_string}"},"query-input":{"@type":"PropertyValueSpecification","valueRequired":true,"valueName":"search_term_string"}}],"inLanguage":"en-US"},{"@type":"Organization","@id":"https:\/\/guidemonterosa.info\/en\/#organization","name":"Guide Monte Rosa","url":"https:\/\/guidemonterosa.info\/en\/","logo":{"@type":"ImageObject","inLanguage":"en-US","@id":"https:\/\/guidemonterosa.info\/en\/#\/schema\/logo\/image\/","url":"https:\/\/guidemonterosa.info\/wp-content\/uploads\/2023\/05\/cropped-Logo-Guide-Monterosa.png","contentUrl":"https:\/\/guidemonterosa.info\/wp-content\/uploads\/2023\/05\/cropped-Logo-Guide-Monterosa.png","width":499,"height":598,"caption":"Guide Monte Rosa"},"image":{"@id":"https:\/\/guidemonterosa.info\/en\/#\/schema\/logo\/image\/"},"sameAs":["https:\/\/it-it.facebook.com\/guidealpinemonterosa\/","https:\/\/www.instagram.com\/societa_guide_gressoney\/"]}]}},"_links":{"self":[{"href":"https:\/\/guidemonterosa.info\/en\/wp-json\/wp\/v2\/pages\/1793","targetHints":{"allow":["GET"]}}],"collection":[{"href":"https:\/\/guidemonterosa.info\/en\/wp-json\/wp\/v2\/pages"}],"about":[{"href":"https:\/\/guidemonterosa.info\/en\/wp-json\/wp\/v2\/types\/page"}],"author":[{"embeddable":true,"href":"https:\/\/guidemonterosa.info\/en\/wp-json\/wp\/v2\/users\/1"}],"replies":[{"embeddable":true,"href":"https:\/\/guidemonterosa.info\/en\/wp-json\/wp\/v2\/comments?post=1793"}],"version-history":[{"count":1,"href":"https:\/\/guidemonterosa.info\/en\/wp-json\/wp\/v2\/pages\/1793\/revisions"}],"predecessor-version":[{"id":1794,"href":"https:\/\/guidemonterosa.info\/en\/wp-json\/wp\/v2\/pages\/1793\/revisions\/1794"}],"wp:attachment":[{"href":"https:\/\/guidemonterosa.info\/en\/wp-json\/wp\/v2\/media?parent=1793"}],"curies":[{"name":"wp","href":"https:\/\/api.w.org\/{rel}","templated":true}]}}